{"id":8487,"date":"2025-01-24T09:28:11","date_gmt":"2025-01-24T08:28:11","guid":{"rendered":"https:\/\/www.sams-industrie.fr\/product\/arbre-de-transmission-reference-600-414-017\/"},"modified":"2025-02-19T11:36:33","modified_gmt":"2025-02-19T10:36:33","slug":"arbre-de-transmission-reference-600-414-017","status":"publish","type":"product","link":"https:\/\/www.sams-industrie.fr\/en\/product\/arbre-de-transmission-reference-600-414-017\/","title":{"rendered":"Drive shaft<br> Reference 600-414-017"},"content":{"rendered":"","protected":false},"excerpt":{"rendered":"<p>RAPIDEX RAPIDLINE 10<br \/> R\u00e9f\u00e9rence constructeur : 600-414-017<br \/> R\u00e9f\u00e9rences \u00e9quivalentes : 600414017 \/ M600414017 \/ RAP600414017<\/p>","protected":false},"featured_media":0,"comment_status":"open","ping_status":"closed","template":"","meta":[],"_links":{"self":[{"href":"https:\/\/www.sams-industrie.fr\/en\/wp-json\/wp\/v2\/product\/8487"}],"collection":[{"href":"https:\/\/www.sams-industrie.fr\/en\/wp-json\/wp\/v2\/product"}],"about":[{"href":"https:\/\/www.sams-industrie.fr\/en\/wp-json\/wp\/v2\/types\/product"}],"replies":[{"embeddable":true,"href":"https:\/\/www.sams-industrie.fr\/en\/wp-json\/wp\/v2\/comments?post=8487"}],"wp:attachment":[{"href":"https:\/\/www.sams-industrie.fr\/en\/wp-json\/wp\/v2\/media?parent=8487"}],"curies":[{"name":"wp","href":"https:\/\/api.w.org\/{rel}","templated":true}]}}