{"id":8486,"date":"2025-01-24T09:28:10","date_gmt":"2025-01-24T08:28:10","guid":{"rendered":"https:\/\/www.sams-industrie.fr\/product\/arbre-de-transmission-reference-600-415-501\/"},"modified":"2025-02-19T11:36:31","modified_gmt":"2025-02-19T10:36:31","slug":"arbre-de-transmission-reference-600-415-501","status":"publish","type":"product","link":"https:\/\/www.sams-industrie.fr\/en\/product\/arbre-de-transmission-reference-600-415-501\/","title":{"rendered":"Drive shaft<br> Reference 600-415-501"},"content":{"rendered":"","protected":false},"excerpt":{"rendered":"<p>RAPIDEX RAPIDLINE 10<br \/> R\u00e9f\u00e9rence constructeur : 600-415-501<br \/> R\u00e9f\u00e9rences \u00e9quivalentes : 600415501 \/ M600415501 \/ RAP600415501<\/p>","protected":false},"featured_media":9161,"comment_status":"open","ping_status":"closed","template":"","meta":[],"_links":{"self":[{"href":"https:\/\/www.sams-industrie.fr\/en\/wp-json\/wp\/v2\/product\/8486"}],"collection":[{"href":"https:\/\/www.sams-industrie.fr\/en\/wp-json\/wp\/v2\/product"}],"about":[{"href":"https:\/\/www.sams-industrie.fr\/en\/wp-json\/wp\/v2\/types\/product"}],"replies":[{"embeddable":true,"href":"https:\/\/www.sams-industrie.fr\/en\/wp-json\/wp\/v2\/comments?post=8486"}],"wp:featuredmedia":[{"embeddable":true,"href":"https:\/\/www.sams-industrie.fr\/en\/wp-json\/wp\/v2\/media\/9161"}],"wp:attachment":[{"href":"https:\/\/www.sams-industrie.fr\/en\/wp-json\/wp\/v2\/media?parent=8486"}],"curies":[{"name":"wp","href":"https:\/\/api.w.org\/{rel}","templated":true}]}}