{"id":8481,"date":"2025-01-24T09:28:08","date_gmt":"2025-01-24T08:28:08","guid":{"rendered":"https:\/\/www.sams-industrie.fr\/product\/roue-folle-reference-600-402-003\/"},"modified":"2025-02-19T11:36:28","modified_gmt":"2025-02-19T10:36:28","slug":"roue-folle-reference-600-402-003","status":"publish","type":"product","link":"https:\/\/www.sams-industrie.fr\/en\/product\/roue-folle-reference-600-402-003\/","title":{"rendered":"Idler wheel<br> Reference 600-402-003"},"content":{"rendered":"","protected":false},"excerpt":{"rendered":"<p>RAPIDEX RAPIDLINE 10<br \/> R\u00e9f\u00e9rence constructeur : 600-402-003<br \/> R\u00e9f\u00e9rences \u00e9quivalentes : 600402003 \/ M600402003 \/ RAP600402003<\/p>","protected":false},"featured_media":0,"comment_status":"open","ping_status":"closed","template":"","meta":[],"_links":{"self":[{"href":"https:\/\/www.sams-industrie.fr\/en\/wp-json\/wp\/v2\/product\/8481"}],"collection":[{"href":"https:\/\/www.sams-industrie.fr\/en\/wp-json\/wp\/v2\/product"}],"about":[{"href":"https:\/\/www.sams-industrie.fr\/en\/wp-json\/wp\/v2\/types\/product"}],"replies":[{"embeddable":true,"href":"https:\/\/www.sams-industrie.fr\/en\/wp-json\/wp\/v2\/comments?post=8481"}],"wp:attachment":[{"href":"https:\/\/www.sams-industrie.fr\/en\/wp-json\/wp\/v2\/media?parent=8481"}],"curies":[{"name":"wp","href":"https:\/\/api.w.org\/{rel}","templated":true}]}}