{"id":8480,"date":"2025-01-24T09:28:07","date_gmt":"2025-01-24T08:28:07","guid":{"rendered":"https:\/\/www.sams-industrie.fr\/product\/embout-droit-contrepartie-monobloc-reference-600-406-002\/"},"modified":"2025-02-19T11:36:27","modified_gmt":"2025-02-19T10:36:27","slug":"embout-droit-contrepartie-monobloc-reference-600-406-002","status":"publish","type":"product","link":"https:\/\/www.sams-industrie.fr\/en\/product\/embout-droit-contrepartie-monobloc-reference-600-406-002\/","title":{"rendered":"Straight tip one-piece counterpart<br> Reference 600-406-002"},"content":{"rendered":"","protected":false},"excerpt":{"rendered":"<p>RAPIDEX RAPIDLINE 10<br \/> R\u00e9f\u00e9rence constructeur : 600-406-002<br \/> R\u00e9f\u00e9rences \u00e9quivalentes : 600406002 \/ M600406002 \/ RAP600406002<\/p>","protected":false},"featured_media":0,"comment_status":"open","ping_status":"closed","template":"","meta":[],"_links":{"self":[{"href":"https:\/\/www.sams-industrie.fr\/en\/wp-json\/wp\/v2\/product\/8480"}],"collection":[{"href":"https:\/\/www.sams-industrie.fr\/en\/wp-json\/wp\/v2\/product"}],"about":[{"href":"https:\/\/www.sams-industrie.fr\/en\/wp-json\/wp\/v2\/types\/product"}],"replies":[{"embeddable":true,"href":"https:\/\/www.sams-industrie.fr\/en\/wp-json\/wp\/v2\/comments?post=8480"}],"wp:attachment":[{"href":"https:\/\/www.sams-industrie.fr\/en\/wp-json\/wp\/v2\/media?parent=8480"}],"curies":[{"name":"wp","href":"https:\/\/api.w.org\/{rel}","templated":true}]}}