{"id":8479,"date":"2025-01-24T09:28:07","date_gmt":"2025-01-24T08:28:07","guid":{"rendered":"https:\/\/www.sams-industrie.fr\/product\/embout-droit-porte-forme-monobloc-reference-600-405-002\/"},"modified":"2025-02-19T11:36:27","modified_gmt":"2025-02-19T10:36:27","slug":"embout-droit-porte-forme-monobloc-reference-600-405-002","status":"publish","type":"product","link":"https:\/\/www.sams-industrie.fr\/en\/product\/embout-droit-porte-forme-monobloc-reference-600-405-002\/","title":{"rendered":"Straight end piece with single-piece shape<br> Reference 600-405-002"},"content":{"rendered":"","protected":false},"excerpt":{"rendered":"<p>RAPIDEX RAPIDLINE 10<br \/> R\u00e9f\u00e9rence constructeur : 600-405-002<br \/> R\u00e9f\u00e9rences \u00e9quivalentes : 600405002 \/ M600405002 \/ RAP600405002<\/p>","protected":false},"featured_media":0,"comment_status":"open","ping_status":"closed","template":"","meta":[],"_links":{"self":[{"href":"https:\/\/www.sams-industrie.fr\/en\/wp-json\/wp\/v2\/product\/8479"}],"collection":[{"href":"https:\/\/www.sams-industrie.fr\/en\/wp-json\/wp\/v2\/product"}],"about":[{"href":"https:\/\/www.sams-industrie.fr\/en\/wp-json\/wp\/v2\/types\/product"}],"replies":[{"embeddable":true,"href":"https:\/\/www.sams-industrie.fr\/en\/wp-json\/wp\/v2\/comments?post=8479"}],"wp:attachment":[{"href":"https:\/\/www.sams-industrie.fr\/en\/wp-json\/wp\/v2\/media?parent=8479"}],"curies":[{"name":"wp","href":"https:\/\/api.w.org\/{rel}","templated":true}]}}