{"id":8477,"date":"2025-01-24T09:28:06","date_gmt":"2025-01-24T08:28:06","guid":{"rendered":"https:\/\/www.sams-industrie.fr\/product\/embout-gauche-monobloc-reference-600-405-103\/"},"modified":"2025-02-19T11:36:25","modified_gmt":"2025-02-19T10:36:25","slug":"embout-gauche-monobloc-reference-600-405-103","status":"publish","type":"product","link":"https:\/\/www.sams-industrie.fr\/en\/product\/embout-gauche-monobloc-reference-600-405-103\/","title":{"rendered":"One-piece left end cap<br> Reference 600-405-103"},"content":{"rendered":"","protected":false},"excerpt":{"rendered":"<p>RAPIDEX RAPIDLINE 10<br \/> R\u00e9f\u00e9rence constructeur : 600-405-103<br \/> R\u00e9f\u00e9rences \u00e9quivalentes : 600405103 \/ M600405103 \/ RAP600405103<\/p>","protected":false},"featured_media":0,"comment_status":"open","ping_status":"closed","template":"","meta":[],"_links":{"self":[{"href":"https:\/\/www.sams-industrie.fr\/en\/wp-json\/wp\/v2\/product\/8477"}],"collection":[{"href":"https:\/\/www.sams-industrie.fr\/en\/wp-json\/wp\/v2\/product"}],"about":[{"href":"https:\/\/www.sams-industrie.fr\/en\/wp-json\/wp\/v2\/types\/product"}],"replies":[{"embeddable":true,"href":"https:\/\/www.sams-industrie.fr\/en\/wp-json\/wp\/v2\/comments?post=8477"}],"wp:attachment":[{"href":"https:\/\/www.sams-industrie.fr\/en\/wp-json\/wp\/v2\/media?parent=8477"}],"curies":[{"name":"wp","href":"https:\/\/api.w.org\/{rel}","templated":true}]}}