{"id":8472,"date":"2025-01-24T09:28:03","date_gmt":"2025-01-24T08:28:03","guid":{"rendered":"https:\/\/www.sams-industrie.fr\/product\/moyeu-lamex-reference-600-613-010\/"},"modified":"2025-02-19T11:36:22","modified_gmt":"2025-02-19T10:36:22","slug":"moyeu-lamex-reference-600-613-010","status":"publish","type":"product","link":"https:\/\/www.sams-industrie.fr\/en\/product\/moyeu-lamex-reference-600-613-010\/","title":{"rendered":"Lamex hub<br> Reference 600-613-010"},"content":{"rendered":"","protected":false},"excerpt":{"rendered":"<p>RAPIDEX RAPIDLINE 10<br \/> R\u00e9f\u00e9rence constructeur : 600-613-010<br \/> R\u00e9f\u00e9rences \u00e9quivalentes : 600613010 \/ M600613010 \/ RAP600613010<\/p>","protected":false},"featured_media":0,"comment_status":"open","ping_status":"closed","template":"","meta":[],"_links":{"self":[{"href":"https:\/\/www.sams-industrie.fr\/en\/wp-json\/wp\/v2\/product\/8472"}],"collection":[{"href":"https:\/\/www.sams-industrie.fr\/en\/wp-json\/wp\/v2\/product"}],"about":[{"href":"https:\/\/www.sams-industrie.fr\/en\/wp-json\/wp\/v2\/types\/product"}],"replies":[{"embeddable":true,"href":"https:\/\/www.sams-industrie.fr\/en\/wp-json\/wp\/v2\/comments?post=8472"}],"wp:attachment":[{"href":"https:\/\/www.sams-industrie.fr\/en\/wp-json\/wp\/v2\/media?parent=8472"}],"curies":[{"name":"wp","href":"https:\/\/api.w.org\/{rel}","templated":true}]}}