{"id":8471,"date":"2025-01-24T09:28:02","date_gmt":"2025-01-24T08:28:02","guid":{"rendered":"https:\/\/www.sams-industrie.fr\/product\/guide-reference-600-607-013\/"},"modified":"2025-02-19T11:36:21","modified_gmt":"2025-02-19T10:36:21","slug":"guide-reference-600-607-013","status":"publish","type":"product","link":"https:\/\/www.sams-industrie.fr\/en\/product\/guide-reference-600-607-013\/","title":{"rendered":"Guide<br> Reference 600-607-013"},"content":{"rendered":"","protected":false},"excerpt":{"rendered":"<p>RAPIDEX RAPIDLINE 10<br \/> R\u00e9f\u00e9rence constructeur : 600-607-013<br \/> R\u00e9f\u00e9rences \u00e9quivalentes : 600607013 \/ M600607013 \/ RAP600607013<\/p>","protected":false},"featured_media":0,"comment_status":"open","ping_status":"closed","template":"","meta":[],"_links":{"self":[{"href":"https:\/\/www.sams-industrie.fr\/en\/wp-json\/wp\/v2\/product\/8471"}],"collection":[{"href":"https:\/\/www.sams-industrie.fr\/en\/wp-json\/wp\/v2\/product"}],"about":[{"href":"https:\/\/www.sams-industrie.fr\/en\/wp-json\/wp\/v2\/types\/product"}],"replies":[{"embeddable":true,"href":"https:\/\/www.sams-industrie.fr\/en\/wp-json\/wp\/v2\/comments?post=8471"}],"wp:attachment":[{"href":"https:\/\/www.sams-industrie.fr\/en\/wp-json\/wp\/v2\/media?parent=8471"}],"curies":[{"name":"wp","href":"https:\/\/api.w.org\/{rel}","templated":true}]}}