{"id":8469,"date":"2025-01-24T09:28:01","date_gmt":"2025-01-24T08:28:01","guid":{"rendered":"https:\/\/www.sams-industrie.fr\/product\/lame-reference-600-605-145\/"},"modified":"2025-02-19T13:42:01","modified_gmt":"2025-02-19T12:42:01","slug":"lame-reference-600-605-145","status":"publish","type":"product","link":"https:\/\/www.sams-industrie.fr\/en\/product\/lame-reference-600-605-145\/","title":{"rendered":"Blade<br> Reference 600-605-145"},"content":{"rendered":"","protected":false},"excerpt":{"rendered":"<p>RAPIDEX RAPIDLINE 10<br \/>\nR\u00e9f\u00e9rence constructeur : 600-605-145<br \/>\nR\u00e9f\u00e9rences \u00e9quivalentes : 600605145 \/ M600605145 \/ RAP600605145<\/p>","protected":false},"featured_media":11227,"comment_status":"open","ping_status":"closed","template":"","meta":[],"_links":{"self":[{"href":"https:\/\/www.sams-industrie.fr\/en\/wp-json\/wp\/v2\/product\/8469"}],"collection":[{"href":"https:\/\/www.sams-industrie.fr\/en\/wp-json\/wp\/v2\/product"}],"about":[{"href":"https:\/\/www.sams-industrie.fr\/en\/wp-json\/wp\/v2\/types\/product"}],"replies":[{"embeddable":true,"href":"https:\/\/www.sams-industrie.fr\/en\/wp-json\/wp\/v2\/comments?post=8469"}],"wp:featuredmedia":[{"embeddable":true,"href":"https:\/\/www.sams-industrie.fr\/en\/wp-json\/wp\/v2\/media\/11227"}],"wp:attachment":[{"href":"https:\/\/www.sams-industrie.fr\/en\/wp-json\/wp\/v2\/media?parent=8469"}],"curies":[{"name":"wp","href":"https:\/\/api.w.org\/{rel}","templated":true}]}}