{"id":8468,"date":"2025-01-24T09:28:01","date_gmt":"2025-01-24T08:28:01","guid":{"rendered":"https:\/\/www.sams-industrie.fr\/product\/serre-lame-reference-600-605-105-e\/"},"modified":"2025-02-19T11:36:19","modified_gmt":"2025-02-19T10:36:19","slug":"serre-lame-reference-600-605-105-e","status":"publish","type":"product","link":"https:\/\/www.sams-industrie.fr\/en\/product\/serre-lame-reference-600-605-105-e\/","title":{"rendered":"Blade clamp<br> Reference 600-605-105 E"},"content":{"rendered":"","protected":false},"excerpt":{"rendered":"<p>RAPIDEX RAPIDLINE 10<br \/> R\u00e9f\u00e9rence constructeur : 600-605-105 E<br \/> R\u00e9f\u00e9rences \u00e9quivalentes : 600605105E \/ M600605105E \/ RAP600605105E<\/p>","protected":false},"featured_media":0,"comment_status":"open","ping_status":"closed","template":"","meta":[],"_links":{"self":[{"href":"https:\/\/www.sams-industrie.fr\/en\/wp-json\/wp\/v2\/product\/8468"}],"collection":[{"href":"https:\/\/www.sams-industrie.fr\/en\/wp-json\/wp\/v2\/product"}],"about":[{"href":"https:\/\/www.sams-industrie.fr\/en\/wp-json\/wp\/v2\/types\/product"}],"replies":[{"embeddable":true,"href":"https:\/\/www.sams-industrie.fr\/en\/wp-json\/wp\/v2\/comments?post=8468"}],"wp:attachment":[{"href":"https:\/\/www.sams-industrie.fr\/en\/wp-json\/wp\/v2\/media?parent=8468"}],"curies":[{"name":"wp","href":"https:\/\/api.w.org\/{rel}","templated":true}]}}