{"id":8466,"date":"2025-01-24T09:27:59","date_gmt":"2025-01-24T08:27:59","guid":{"rendered":"https:\/\/www.sams-industrie.fr\/product\/serre-lame-reference-600-605-105-d\/"},"modified":"2025-02-19T13:36:19","modified_gmt":"2025-02-19T12:36:19","slug":"serre-lame-reference-600-605-105-d","status":"publish","type":"product","link":"https:\/\/www.sams-industrie.fr\/en\/product\/serre-lame-reference-600-605-105-d\/","title":{"rendered":"Blade clamp<br> Reference 600-605-105 D"},"content":{"rendered":"","protected":false},"excerpt":{"rendered":"<p>RAPIDEX RAPIDLINE 10<br \/>\nR\u00e9f\u00e9rence constructeur : 600-605-105 D<br \/>\nR\u00e9f\u00e9rences \u00e9quivalentes : 600605105D \/ M600605105D \/ RAP600605105D<\/p>","protected":false},"featured_media":11226,"comment_status":"open","ping_status":"closed","template":"","meta":[],"_links":{"self":[{"href":"https:\/\/www.sams-industrie.fr\/en\/wp-json\/wp\/v2\/product\/8466"}],"collection":[{"href":"https:\/\/www.sams-industrie.fr\/en\/wp-json\/wp\/v2\/product"}],"about":[{"href":"https:\/\/www.sams-industrie.fr\/en\/wp-json\/wp\/v2\/types\/product"}],"replies":[{"embeddable":true,"href":"https:\/\/www.sams-industrie.fr\/en\/wp-json\/wp\/v2\/comments?post=8466"}],"wp:featuredmedia":[{"embeddable":true,"href":"https:\/\/www.sams-industrie.fr\/en\/wp-json\/wp\/v2\/media\/11226"}],"wp:attachment":[{"href":"https:\/\/www.sams-industrie.fr\/en\/wp-json\/wp\/v2\/media?parent=8466"}],"curies":[{"name":"wp","href":"https:\/\/api.w.org\/{rel}","templated":true}]}}