{"id":8463,"date":"2025-01-24T09:27:55","date_gmt":"2025-01-24T08:27:55","guid":{"rendered":"https:\/\/www.sams-industrie.fr\/product\/serre-lame-reference-600-605-105-a\/"},"modified":"2025-02-19T11:36:15","modified_gmt":"2025-02-19T10:36:15","slug":"serre-lame-reference-600-605-105-a","status":"publish","type":"product","link":"https:\/\/www.sams-industrie.fr\/en\/product\/serre-lame-reference-600-605-105-a\/","title":{"rendered":"Blade clamp<br> Reference 600-605-105 A"},"content":{"rendered":"","protected":false},"excerpt":{"rendered":"<p>RAPIDEX RAPIDLINE 10<br \/> R\u00e9f\u00e9rence constructeur : 600-605-105 A<br \/> R\u00e9f\u00e9rences \u00e9quivalentes : 600605105A \/ M600605105A \/ RAP600605105A<\/p>","protected":false},"featured_media":0,"comment_status":"open","ping_status":"closed","template":"","meta":[],"_links":{"self":[{"href":"https:\/\/www.sams-industrie.fr\/en\/wp-json\/wp\/v2\/product\/8463"}],"collection":[{"href":"https:\/\/www.sams-industrie.fr\/en\/wp-json\/wp\/v2\/product"}],"about":[{"href":"https:\/\/www.sams-industrie.fr\/en\/wp-json\/wp\/v2\/types\/product"}],"replies":[{"embeddable":true,"href":"https:\/\/www.sams-industrie.fr\/en\/wp-json\/wp\/v2\/comments?post=8463"}],"wp:attachment":[{"href":"https:\/\/www.sams-industrie.fr\/en\/wp-json\/wp\/v2\/media?parent=8463"}],"curies":[{"name":"wp","href":"https:\/\/api.w.org\/{rel}","templated":true}]}}