{"id":8462,"date":"2025-01-24T09:27:55","date_gmt":"2025-01-24T08:27:55","guid":{"rendered":"https:\/\/www.sams-industrie.fr\/product\/contrelame-reference-600-606-009\/"},"modified":"2025-02-19T11:36:15","modified_gmt":"2025-02-19T10:36:15","slug":"contrelame-reference-600-606-009","status":"publish","type":"product","link":"https:\/\/www.sams-industrie.fr\/en\/product\/contrelame-reference-600-606-009\/","title":{"rendered":"Counterblade<br> Reference 600-606-009"},"content":{"rendered":"","protected":false},"excerpt":{"rendered":"<p>RAPIDEX RAPIDLINE 10<br \/> R\u00e9f\u00e9rence constructeur : 600-606-009<br \/> R\u00e9f\u00e9rences \u00e9quivalentes : 600606009 \/ M600606009 \/ RAP600606009<\/p>","protected":false},"featured_media":0,"comment_status":"open","ping_status":"closed","template":"","meta":[],"_links":{"self":[{"href":"https:\/\/www.sams-industrie.fr\/en\/wp-json\/wp\/v2\/product\/8462"}],"collection":[{"href":"https:\/\/www.sams-industrie.fr\/en\/wp-json\/wp\/v2\/product"}],"about":[{"href":"https:\/\/www.sams-industrie.fr\/en\/wp-json\/wp\/v2\/types\/product"}],"replies":[{"embeddable":true,"href":"https:\/\/www.sams-industrie.fr\/en\/wp-json\/wp\/v2\/comments?post=8462"}],"wp:attachment":[{"href":"https:\/\/www.sams-industrie.fr\/en\/wp-json\/wp\/v2\/media?parent=8462"}],"curies":[{"name":"wp","href":"https:\/\/api.w.org\/{rel}","templated":true}]}}