{"id":8461,"date":"2025-01-24T09:27:54","date_gmt":"2025-01-24T08:27:54","guid":{"rendered":"https:\/\/www.sams-industrie.fr\/product\/contrelame-support-reference-600-606-008\/"},"modified":"2025-02-19T11:36:14","modified_gmt":"2025-02-19T10:36:14","slug":"contrelame-support-reference-600-606-008","status":"publish","type":"product","link":"https:\/\/www.sams-industrie.fr\/en\/product\/contrelame-support-reference-600-606-008\/","title":{"rendered":"Counterblade support<br> Reference 600-606-008"},"content":{"rendered":"","protected":false},"excerpt":{"rendered":"<p>RAPIDEX RAPIDLINE 10<br \/> R\u00e9f\u00e9rence constructeur : 600-606-008<br \/> R\u00e9f\u00e9rences \u00e9quivalentes : 600606008 \/ M600606008 \/ RAP600606008<\/p>","protected":false},"featured_media":0,"comment_status":"open","ping_status":"closed","template":"","meta":[],"_links":{"self":[{"href":"https:\/\/www.sams-industrie.fr\/en\/wp-json\/wp\/v2\/product\/8461"}],"collection":[{"href":"https:\/\/www.sams-industrie.fr\/en\/wp-json\/wp\/v2\/product"}],"about":[{"href":"https:\/\/www.sams-industrie.fr\/en\/wp-json\/wp\/v2\/types\/product"}],"replies":[{"embeddable":true,"href":"https:\/\/www.sams-industrie.fr\/en\/wp-json\/wp\/v2\/comments?post=8461"}],"wp:attachment":[{"href":"https:\/\/www.sams-industrie.fr\/en\/wp-json\/wp\/v2\/media?parent=8461"}],"curies":[{"name":"wp","href":"https:\/\/api.w.org\/{rel}","templated":true}]}}