{"id":8460,"date":"2025-01-24T09:27:53","date_gmt":"2025-01-24T08:27:53","guid":{"rendered":"https:\/\/www.sams-industrie.fr\/product\/contrepartie-reference-600-606-007\/"},"modified":"2025-02-19T11:36:13","modified_gmt":"2025-02-19T10:36:13","slug":"contrepartie-reference-600-606-007","status":"publish","type":"product","link":"https:\/\/www.sams-industrie.fr\/en\/product\/contrepartie-reference-600-606-007\/","title":{"rendered":"Counterpart<br> Reference 600-606-007"},"content":{"rendered":"","protected":false},"excerpt":{"rendered":"<p>RAPIDEX RAPIDLINE 10<br \/> R\u00e9f\u00e9rence constructeur : 600-606-007<br \/> R\u00e9f\u00e9rences \u00e9quivalentes : 600606007 \/ M600606007 \/ RAP600606007<\/p>","protected":false},"featured_media":0,"comment_status":"open","ping_status":"closed","template":"","meta":[],"_links":{"self":[{"href":"https:\/\/www.sams-industrie.fr\/en\/wp-json\/wp\/v2\/product\/8460"}],"collection":[{"href":"https:\/\/www.sams-industrie.fr\/en\/wp-json\/wp\/v2\/product"}],"about":[{"href":"https:\/\/www.sams-industrie.fr\/en\/wp-json\/wp\/v2\/types\/product"}],"replies":[{"embeddable":true,"href":"https:\/\/www.sams-industrie.fr\/en\/wp-json\/wp\/v2\/comments?post=8460"}],"wp:attachment":[{"href":"https:\/\/www.sams-industrie.fr\/en\/wp-json\/wp\/v2\/media?parent=8460"}],"curies":[{"name":"wp","href":"https:\/\/api.w.org\/{rel}","templated":true}]}}