{"id":8459,"date":"2025-01-24T09:27:53","date_gmt":"2025-01-24T08:27:53","guid":{"rendered":"https:\/\/www.sams-industrie.fr\/product\/axe-de-levier-reference-600-605-103\/"},"modified":"2025-02-19T11:36:12","modified_gmt":"2025-02-19T10:36:12","slug":"axe-de-levier-reference-600-605-103","status":"publish","type":"product","link":"https:\/\/www.sams-industrie.fr\/en\/product\/axe-de-levier-reference-600-605-103\/","title":{"rendered":"Lever axis<br> Reference 600-605-103"},"content":{"rendered":"","protected":false},"excerpt":{"rendered":"<p>RAPIDEX RAPIDLINE 10<br \/> R\u00e9f\u00e9rence constructeur : 600-605-103<br \/> R\u00e9f\u00e9rences \u00e9quivalentes : 600605103 \/ M600605103 \/ RAP600605103<\/p>","protected":false},"featured_media":0,"comment_status":"open","ping_status":"closed","template":"","meta":[],"_links":{"self":[{"href":"https:\/\/www.sams-industrie.fr\/en\/wp-json\/wp\/v2\/product\/8459"}],"collection":[{"href":"https:\/\/www.sams-industrie.fr\/en\/wp-json\/wp\/v2\/product"}],"about":[{"href":"https:\/\/www.sams-industrie.fr\/en\/wp-json\/wp\/v2\/types\/product"}],"replies":[{"embeddable":true,"href":"https:\/\/www.sams-industrie.fr\/en\/wp-json\/wp\/v2\/comments?post=8459"}],"wp:attachment":[{"href":"https:\/\/www.sams-industrie.fr\/en\/wp-json\/wp\/v2\/media?parent=8459"}],"curies":[{"name":"wp","href":"https:\/\/api.w.org\/{rel}","templated":true}]}}