{"id":8456,"date":"2025-01-24T09:27:51","date_gmt":"2025-01-24T08:27:51","guid":{"rendered":"https:\/\/www.sams-industrie.fr\/product\/contrepartie-refoulage-reference-600-604-013\/"},"modified":"2025-04-17T15:40:49","modified_gmt":"2025-04-17T13:40:49","slug":"contrepartie-refoulage-reference-600-604-013","status":"publish","type":"product","link":"https:\/\/www.sams-industrie.fr\/en\/product\/contrepartie-refoulage-reference-600-604-013\/","title":{"rendered":"Counterpart refoulement<br> Reference 600-604-013"},"content":{"rendered":"","protected":false},"excerpt":{"rendered":"<p>RAPIDEX RAPIDLINE 10<br \/>\nR\u00e9f\u00e9rence constructeur : 600-604-013<br \/>\nR\u00e9f\u00e9rences \u00e9quivalentes : 600604013 \/ M600604013 \/ RAP600604013<\/p>","protected":false},"featured_media":11319,"comment_status":"open","ping_status":"closed","template":"","meta":[],"_links":{"self":[{"href":"https:\/\/www.sams-industrie.fr\/en\/wp-json\/wp\/v2\/product\/8456"}],"collection":[{"href":"https:\/\/www.sams-industrie.fr\/en\/wp-json\/wp\/v2\/product"}],"about":[{"href":"https:\/\/www.sams-industrie.fr\/en\/wp-json\/wp\/v2\/types\/product"}],"replies":[{"embeddable":true,"href":"https:\/\/www.sams-industrie.fr\/en\/wp-json\/wp\/v2\/comments?post=8456"}],"wp:featuredmedia":[{"embeddable":true,"href":"https:\/\/www.sams-industrie.fr\/en\/wp-json\/wp\/v2\/media\/11319"}],"wp:attachment":[{"href":"https:\/\/www.sams-industrie.fr\/en\/wp-json\/wp\/v2\/media?parent=8456"}],"curies":[{"name":"wp","href":"https:\/\/api.w.org\/{rel}","templated":true}]}}