{"id":8453,"date":"2025-01-24T09:27:50","date_gmt":"2025-01-24T08:27:50","guid":{"rendered":"https:\/\/www.sams-industrie.fr\/product\/ejecteur-de-dechets-reference-600-606-017\/"},"modified":"2025-02-19T11:36:06","modified_gmt":"2025-02-19T10:36:06","slug":"ejecteur-de-dechets-reference-600-606-017","status":"publish","type":"product","link":"https:\/\/www.sams-industrie.fr\/en\/product\/ejecteur-de-dechets-reference-600-606-017\/","title":{"rendered":"Waste ejector<br> Reference 600-606-017"},"content":{"rendered":"","protected":false},"excerpt":{"rendered":"<p>RAPIDEX RAPIDLINE 10<br \/> R\u00e9f\u00e9rence constructeur : 600-606-017<br \/> R\u00e9f\u00e9rences \u00e9quivalentes : 600606017 \/ M600606017 \/ RAP600606017<\/p>","protected":false},"featured_media":0,"comment_status":"open","ping_status":"closed","template":"","meta":[],"_links":{"self":[{"href":"https:\/\/www.sams-industrie.fr\/en\/wp-json\/wp\/v2\/product\/8453"}],"collection":[{"href":"https:\/\/www.sams-industrie.fr\/en\/wp-json\/wp\/v2\/product"}],"about":[{"href":"https:\/\/www.sams-industrie.fr\/en\/wp-json\/wp\/v2\/types\/product"}],"replies":[{"embeddable":true,"href":"https:\/\/www.sams-industrie.fr\/en\/wp-json\/wp\/v2\/comments?post=8453"}],"wp:attachment":[{"href":"https:\/\/www.sams-industrie.fr\/en\/wp-json\/wp\/v2\/media?parent=8453"}],"curies":[{"name":"wp","href":"https:\/\/api.w.org\/{rel}","templated":true}]}}