{"id":8448,"date":"2025-01-24T09:27:47","date_gmt":"2025-01-24T08:27:47","guid":{"rendered":"https:\/\/www.sams-industrie.fr\/product\/manchon-reference-600-605-004\/"},"modified":"2025-02-19T11:36:02","modified_gmt":"2025-02-19T10:36:02","slug":"manchon-reference-600-605-004","status":"publish","type":"product","link":"https:\/\/www.sams-industrie.fr\/en\/product\/manchon-reference-600-605-004\/","title":{"rendered":"Sleeve<br> Reference 600-605-004"},"content":{"rendered":"","protected":false},"excerpt":{"rendered":"<p>RAPIDEX RAPIDLINE 10<br \/> R\u00e9f\u00e9rence constructeur : 600-605-004<br \/> R\u00e9f\u00e9rences \u00e9quivalentes : 600605004 \/ M600605004 \/ RAP600605004<\/p>","protected":false},"featured_media":0,"comment_status":"open","ping_status":"closed","template":"","meta":[],"_links":{"self":[{"href":"https:\/\/www.sams-industrie.fr\/en\/wp-json\/wp\/v2\/product\/8448"}],"collection":[{"href":"https:\/\/www.sams-industrie.fr\/en\/wp-json\/wp\/v2\/product"}],"about":[{"href":"https:\/\/www.sams-industrie.fr\/en\/wp-json\/wp\/v2\/types\/product"}],"replies":[{"embeddable":true,"href":"https:\/\/www.sams-industrie.fr\/en\/wp-json\/wp\/v2\/comments?post=8448"}],"wp:attachment":[{"href":"https:\/\/www.sams-industrie.fr\/en\/wp-json\/wp\/v2\/media?parent=8448"}],"curies":[{"name":"wp","href":"https:\/\/api.w.org\/{rel}","templated":true}]}}