{"id":8446,"date":"2025-01-24T09:27:46","date_gmt":"2025-01-24T08:27:46","guid":{"rendered":"https:\/\/www.sams-industrie.fr\/product\/bride-de-liaison-caoutchoute-reference-600-108-005\/"},"modified":"2025-02-19T11:36:01","modified_gmt":"2025-02-19T10:36:01","slug":"bride-de-liaison-caoutchoute-reference-600-108-005","status":"publish","type":"product","link":"https:\/\/www.sams-industrie.fr\/en\/product\/bride-de-liaison-caoutchoute-reference-600-108-005\/","title":{"rendered":"Rubberized connecting flange<br> Reference 600-108-005"},"content":{"rendered":"","protected":false},"excerpt":{"rendered":"<p>RAPIDEX RAPIDLINE 10<br \/> R\u00e9f\u00e9rence constructeur : 600-108-005<br \/> R\u00e9f\u00e9rences \u00e9quivalentes : 600108005 \/ M600108005 \/ RAP600108005<\/p>","protected":false},"featured_media":0,"comment_status":"open","ping_status":"closed","template":"","meta":[],"_links":{"self":[{"href":"https:\/\/www.sams-industrie.fr\/en\/wp-json\/wp\/v2\/product\/8446"}],"collection":[{"href":"https:\/\/www.sams-industrie.fr\/en\/wp-json\/wp\/v2\/product"}],"about":[{"href":"https:\/\/www.sams-industrie.fr\/en\/wp-json\/wp\/v2\/types\/product"}],"replies":[{"embeddable":true,"href":"https:\/\/www.sams-industrie.fr\/en\/wp-json\/wp\/v2\/comments?post=8446"}],"wp:attachment":[{"href":"https:\/\/www.sams-industrie.fr\/en\/wp-json\/wp\/v2\/media?parent=8446"}],"curies":[{"name":"wp","href":"https:\/\/api.w.org\/{rel}","templated":true}]}}