{"id":8444,"date":"2025-01-24T09:27:45","date_gmt":"2025-01-24T08:27:45","guid":{"rendered":"https:\/\/www.sams-industrie.fr\/product\/cache-roulement-trame-caoutchoute-reference-600-108-004\/"},"modified":"2025-02-19T11:36:00","modified_gmt":"2025-02-19T10:36:00","slug":"cache-roulement-trame-caoutchoute-reference-600-108-004","status":"publish","type":"product","link":"https:\/\/www.sams-industrie.fr\/en\/product\/cache-roulement-trame-caoutchoute-reference-600-108-004\/","title":{"rendered":"Rubberized woven bearing cover<br> Reference 600-108-004"},"content":{"rendered":"","protected":false},"excerpt":{"rendered":"<p>RAPIDEX RAPIDLINE 10<br \/> R\u00e9f\u00e9rence constructeur : 600-108-004<br \/> R\u00e9f\u00e9rences \u00e9quivalentes : 600108004 \/ M600108004 \/ RAP600108004<\/p>","protected":false},"featured_media":0,"comment_status":"open","ping_status":"closed","template":"","meta":[],"_links":{"self":[{"href":"https:\/\/www.sams-industrie.fr\/en\/wp-json\/wp\/v2\/product\/8444"}],"collection":[{"href":"https:\/\/www.sams-industrie.fr\/en\/wp-json\/wp\/v2\/product"}],"about":[{"href":"https:\/\/www.sams-industrie.fr\/en\/wp-json\/wp\/v2\/types\/product"}],"replies":[{"embeddable":true,"href":"https:\/\/www.sams-industrie.fr\/en\/wp-json\/wp\/v2\/comments?post=8444"}],"wp:attachment":[{"href":"https:\/\/www.sams-industrie.fr\/en\/wp-json\/wp\/v2\/media?parent=8444"}],"curies":[{"name":"wp","href":"https:\/\/api.w.org\/{rel}","templated":true}]}}