{"id":8443,"date":"2025-01-24T09:27:45","date_gmt":"2025-01-24T08:27:45","guid":{"rendered":"https:\/\/www.sams-industrie.fr\/product\/rondelle-cylindre-caoutchoute-reference-600-108-016\/"},"modified":"2025-02-19T11:35:59","modified_gmt":"2025-02-19T10:35:59","slug":"rondelle-cylindre-caoutchoute-reference-600-108-016","status":"publish","type":"product","link":"https:\/\/www.sams-industrie.fr\/en\/product\/rondelle-cylindre-caoutchoute-reference-600-108-016\/","title":{"rendered":"Rubberized cylinder washer<br> Reference 600-108-016"},"content":{"rendered":"","protected":false},"excerpt":{"rendered":"<p>RAPIDEX RAPIDLINE 10<br \/> R\u00e9f\u00e9rence constructeur : 600-108-016<br \/> R\u00e9f\u00e9rences \u00e9quivalentes : 600108016 \/ M600108016 \/ RAP600108016<\/p>","protected":false},"featured_media":0,"comment_status":"open","ping_status":"closed","template":"","meta":[],"_links":{"self":[{"href":"https:\/\/www.sams-industrie.fr\/en\/wp-json\/wp\/v2\/product\/8443"}],"collection":[{"href":"https:\/\/www.sams-industrie.fr\/en\/wp-json\/wp\/v2\/product"}],"about":[{"href":"https:\/\/www.sams-industrie.fr\/en\/wp-json\/wp\/v2\/types\/product"}],"replies":[{"embeddable":true,"href":"https:\/\/www.sams-industrie.fr\/en\/wp-json\/wp\/v2\/comments?post=8443"}],"wp:attachment":[{"href":"https:\/\/www.sams-industrie.fr\/en\/wp-json\/wp\/v2\/media?parent=8443"}],"curies":[{"name":"wp","href":"https:\/\/api.w.org\/{rel}","templated":true}]}}