{"id":8442,"date":"2025-01-24T09:27:44","date_gmt":"2025-01-24T08:27:44","guid":{"rendered":"https:\/\/www.sams-industrie.fr\/product\/recuperateur-gauche-reference-600-126-006\/"},"modified":"2025-04-17T15:42:24","modified_gmt":"2025-04-17T13:42:24","slug":"recuperateur-gauche-reference-600-126-006","status":"publish","type":"product","link":"https:\/\/www.sams-industrie.fr\/en\/product\/recuperateur-gauche-reference-600-126-006\/","title":{"rendered":"Left recuperator<br> Reference 600-126-006"},"content":{"rendered":"","protected":false},"excerpt":{"rendered":"<p>RAPIDEX RAPIDLINE 10<br \/>\nR\u00e9f\u00e9rence constructeur : 600-126-006<br \/>\nR\u00e9f\u00e9rences \u00e9quivalentes : 600126006 \/ M600126006 \/ RAP600126006<\/p>","protected":false},"featured_media":11318,"comment_status":"open","ping_status":"closed","template":"","meta":[],"_links":{"self":[{"href":"https:\/\/www.sams-industrie.fr\/en\/wp-json\/wp\/v2\/product\/8442"}],"collection":[{"href":"https:\/\/www.sams-industrie.fr\/en\/wp-json\/wp\/v2\/product"}],"about":[{"href":"https:\/\/www.sams-industrie.fr\/en\/wp-json\/wp\/v2\/types\/product"}],"replies":[{"embeddable":true,"href":"https:\/\/www.sams-industrie.fr\/en\/wp-json\/wp\/v2\/comments?post=8442"}],"wp:featuredmedia":[{"embeddable":true,"href":"https:\/\/www.sams-industrie.fr\/en\/wp-json\/wp\/v2\/media\/11318"}],"wp:attachment":[{"href":"https:\/\/www.sams-industrie.fr\/en\/wp-json\/wp\/v2\/media?parent=8442"}],"curies":[{"name":"wp","href":"https:\/\/api.w.org\/{rel}","templated":true}]}}