{"id":8441,"date":"2025-01-24T09:27:43","date_gmt":"2025-01-24T08:27:43","guid":{"rendered":"https:\/\/www.sams-industrie.fr\/product\/recuperateur-droit-reference-600-126-005\/"},"modified":"2025-02-19T11:35:57","modified_gmt":"2025-02-19T10:35:57","slug":"recuperateur-droit-reference-600-126-005","status":"publish","type":"product","link":"https:\/\/www.sams-industrie.fr\/en\/product\/recuperateur-droit-reference-600-126-005\/","title":{"rendered":"Right recuperator<br> Reference 600-126-005"},"content":{"rendered":"","protected":false},"excerpt":{"rendered":"<p>RAPIDEX RAPIDLINE 10<br \/> R\u00e9f\u00e9rence constructeur : 600-126-005<br \/> R\u00e9f\u00e9rences \u00e9quivalentes : 600126005 \/ M600126005 \/ RAP600126005<\/p>","protected":false},"featured_media":0,"comment_status":"open","ping_status":"closed","template":"","meta":[],"_links":{"self":[{"href":"https:\/\/www.sams-industrie.fr\/en\/wp-json\/wp\/v2\/product\/8441"}],"collection":[{"href":"https:\/\/www.sams-industrie.fr\/en\/wp-json\/wp\/v2\/product"}],"about":[{"href":"https:\/\/www.sams-industrie.fr\/en\/wp-json\/wp\/v2\/types\/product"}],"replies":[{"embeddable":true,"href":"https:\/\/www.sams-industrie.fr\/en\/wp-json\/wp\/v2\/comments?post=8441"}],"wp:attachment":[{"href":"https:\/\/www.sams-industrie.fr\/en\/wp-json\/wp\/v2\/media?parent=8441"}],"curies":[{"name":"wp","href":"https:\/\/api.w.org\/{rel}","templated":true}]}}