{"id":8440,"date":"2025-01-24T09:27:43","date_gmt":"2025-01-24T08:27:43","guid":{"rendered":"https:\/\/www.sams-industrie.fr\/product\/poulie-cinematique-reference-600-114-015\/"},"modified":"2025-02-19T11:35:57","modified_gmt":"2025-02-19T10:35:57","slug":"poulie-cinematique-reference-600-114-015","status":"publish","type":"product","link":"https:\/\/www.sams-industrie.fr\/en\/product\/poulie-cinematique-reference-600-114-015\/","title":{"rendered":"Kinematic pulley<br> Reference 600-114-015"},"content":{"rendered":"","protected":false},"excerpt":{"rendered":"<p>RAPIDEX RAPIDLINE 10<br \/> R\u00e9f\u00e9rence constructeur : 600-114-015<br \/> R\u00e9f\u00e9rences \u00e9quivalentes : 600114015 \/ M600114015 \/ RAP600114015<\/p>","protected":false},"featured_media":0,"comment_status":"open","ping_status":"closed","template":"","meta":[],"_links":{"self":[{"href":"https:\/\/www.sams-industrie.fr\/en\/wp-json\/wp\/v2\/product\/8440"}],"collection":[{"href":"https:\/\/www.sams-industrie.fr\/en\/wp-json\/wp\/v2\/product"}],"about":[{"href":"https:\/\/www.sams-industrie.fr\/en\/wp-json\/wp\/v2\/types\/product"}],"replies":[{"embeddable":true,"href":"https:\/\/www.sams-industrie.fr\/en\/wp-json\/wp\/v2\/comments?post=8440"}],"wp:attachment":[{"href":"https:\/\/www.sams-industrie.fr\/en\/wp-json\/wp\/v2\/media?parent=8440"}],"curies":[{"name":"wp","href":"https:\/\/api.w.org\/{rel}","templated":true}]}}