{"id":8439,"date":"2025-01-24T09:27:42","date_gmt":"2025-01-24T08:27:42","guid":{"rendered":"https:\/\/www.sams-industrie.fr\/product\/entretoise-arbre-de-commande-reference-r45-2-55-3-5\/"},"modified":"2025-02-19T11:35:56","modified_gmt":"2025-02-19T10:35:56","slug":"entretoise-arbre-de-commande-reference-r45-2-55-3-5","status":"publish","type":"product","link":"https:\/\/www.sams-industrie.fr\/en\/product\/entretoise-arbre-de-commande-reference-r45-2-55-3-5\/","title":{"rendered":"Drive shaft spacer<br> Reference R45.2-55-3.5"},"content":{"rendered":"","protected":false},"excerpt":{"rendered":"<p>RAPIDEX RAPIDLINE 10<br \/> R\u00e9f\u00e9rence constructeur : R45.2-55-3.5<br \/> R\u00e9f\u00e9rences \u00e9quivalentes : R4525535 \/ MR4525535 \/ RAPR4525535<\/p>","protected":false},"featured_media":0,"comment_status":"open","ping_status":"closed","template":"","meta":[],"_links":{"self":[{"href":"https:\/\/www.sams-industrie.fr\/en\/wp-json\/wp\/v2\/product\/8439"}],"collection":[{"href":"https:\/\/www.sams-industrie.fr\/en\/wp-json\/wp\/v2\/product"}],"about":[{"href":"https:\/\/www.sams-industrie.fr\/en\/wp-json\/wp\/v2\/types\/product"}],"replies":[{"embeddable":true,"href":"https:\/\/www.sams-industrie.fr\/en\/wp-json\/wp\/v2\/comments?post=8439"}],"wp:attachment":[{"href":"https:\/\/www.sams-industrie.fr\/en\/wp-json\/wp\/v2\/media?parent=8439"}],"curies":[{"name":"wp","href":"https:\/\/api.w.org\/{rel}","templated":true}]}}