{"id":8438,"date":"2025-01-24T09:27:41","date_gmt":"2025-01-24T08:27:41","guid":{"rendered":"https:\/\/www.sams-industrie.fr\/product\/entretoise-arbre-de-commande-reference-r45-2-55-17-6\/"},"modified":"2025-02-19T11:35:55","modified_gmt":"2025-02-19T10:35:55","slug":"entretoise-arbre-de-commande-reference-r45-2-55-17-6","status":"publish","type":"product","link":"https:\/\/www.sams-industrie.fr\/en\/product\/entretoise-arbre-de-commande-reference-r45-2-55-17-6\/","title":{"rendered":"Drive shaft spacer<br> Reference R45.2-55-17.6"},"content":{"rendered":"","protected":false},"excerpt":{"rendered":"<p>RAPIDEX RAPIDLINE 10<br \/> R\u00e9f\u00e9rence constructeur : R45.2-55-17.6<br \/> R\u00e9f\u00e9rences \u00e9quivalentes : R45255176 \/ MR45255176 \/ RAPR45255176<\/p>","protected":false},"featured_media":0,"comment_status":"open","ping_status":"closed","template":"","meta":[],"_links":{"self":[{"href":"https:\/\/www.sams-industrie.fr\/en\/wp-json\/wp\/v2\/product\/8438"}],"collection":[{"href":"https:\/\/www.sams-industrie.fr\/en\/wp-json\/wp\/v2\/product"}],"about":[{"href":"https:\/\/www.sams-industrie.fr\/en\/wp-json\/wp\/v2\/types\/product"}],"replies":[{"embeddable":true,"href":"https:\/\/www.sams-industrie.fr\/en\/wp-json\/wp\/v2\/comments?post=8438"}],"wp:attachment":[{"href":"https:\/\/www.sams-industrie.fr\/en\/wp-json\/wp\/v2\/media?parent=8438"}],"curies":[{"name":"wp","href":"https:\/\/api.w.org\/{rel}","templated":true}]}}