{"id":8437,"date":"2025-01-24T09:27:41","date_gmt":"2025-01-24T08:27:41","guid":{"rendered":"https:\/\/www.sams-industrie.fr\/product\/clavette-arbre-de-commande-reference-s004021\/"},"modified":"2025-02-19T11:35:54","modified_gmt":"2025-02-19T10:35:54","slug":"clavette-arbre-de-commande-reference-s004021","status":"publish","type":"product","link":"https:\/\/www.sams-industrie.fr\/en\/product\/clavette-arbre-de-commande-reference-s004021\/","title":{"rendered":"Drive shaft key<br> Reference S004021"},"content":{"rendered":"","protected":false},"excerpt":{"rendered":"<p>RAPIDEX RAPIDLINE 10<br \/> R\u00e9f\u00e9rence constructeur : S004021<br \/> R\u00e9f\u00e9rences \u00e9quivalentes : S004021 \/ MSM004021 \/ RAPSRAP004021<\/p>","protected":false},"featured_media":0,"comment_status":"open","ping_status":"closed","template":"","meta":[],"_links":{"self":[{"href":"https:\/\/www.sams-industrie.fr\/en\/wp-json\/wp\/v2\/product\/8437"}],"collection":[{"href":"https:\/\/www.sams-industrie.fr\/en\/wp-json\/wp\/v2\/product"}],"about":[{"href":"https:\/\/www.sams-industrie.fr\/en\/wp-json\/wp\/v2\/types\/product"}],"replies":[{"embeddable":true,"href":"https:\/\/www.sams-industrie.fr\/en\/wp-json\/wp\/v2\/comments?post=8437"}],"wp:attachment":[{"href":"https:\/\/www.sams-industrie.fr\/en\/wp-json\/wp\/v2\/media?parent=8437"}],"curies":[{"name":"wp","href":"https:\/\/api.w.org\/{rel}","templated":true}]}}