{"id":8430,"date":"2025-01-24T09:27:36","date_gmt":"2025-01-24T08:27:36","guid":{"rendered":"https:\/\/www.sams-industrie.fr\/product\/entretoise-caisson-reference-r25-2-35-129\/"},"modified":"2025-02-19T11:35:48","modified_gmt":"2025-02-19T10:35:48","slug":"entretoise-caisson-reference-r25-2-35-129","status":"publish","type":"product","link":"https:\/\/www.sams-industrie.fr\/en\/product\/entretoise-caisson-reference-r25-2-35-129\/","title":{"rendered":"Box spacer<br> Reference R25.2-35-129"},"content":{"rendered":"","protected":false},"excerpt":{"rendered":"<p>RAPIDEX RAPIDLINE 10<br \/> R\u00e9f\u00e9rence constructeur : R25.2-35-129<br \/> R\u00e9f\u00e9rences \u00e9quivalentes : R25235129 \/ MR25235129 \/ RAPR25235129<\/p>","protected":false},"featured_media":0,"comment_status":"open","ping_status":"closed","template":"","meta":[],"_links":{"self":[{"href":"https:\/\/www.sams-industrie.fr\/en\/wp-json\/wp\/v2\/product\/8430"}],"collection":[{"href":"https:\/\/www.sams-industrie.fr\/en\/wp-json\/wp\/v2\/product"}],"about":[{"href":"https:\/\/www.sams-industrie.fr\/en\/wp-json\/wp\/v2\/types\/product"}],"replies":[{"embeddable":true,"href":"https:\/\/www.sams-industrie.fr\/en\/wp-json\/wp\/v2\/comments?post=8430"}],"wp:attachment":[{"href":"https:\/\/www.sams-industrie.fr\/en\/wp-json\/wp\/v2\/media?parent=8430"}],"curies":[{"name":"wp","href":"https:\/\/api.w.org\/{rel}","templated":true}]}}