{"id":8425,"date":"2025-01-24T09:27:32","date_gmt":"2025-01-24T08:27:32","guid":{"rendered":"https:\/\/www.sams-industrie.fr\/product\/entretoise-caisson-reference-r25-2-35-39-5\/"},"modified":"2025-02-19T11:35:44","modified_gmt":"2025-02-19T10:35:44","slug":"entretoise-caisson-reference-r25-2-35-39-5","status":"publish","type":"product","link":"https:\/\/www.sams-industrie.fr\/en\/product\/entretoise-caisson-reference-r25-2-35-39-5\/","title":{"rendered":"Box spacer<br> Reference R25.2-35-39.5"},"content":{"rendered":"","protected":false},"excerpt":{"rendered":"<p>RAPIDEX RAPIDLINE 10<br \/> R\u00e9f\u00e9rence constructeur : R25.2-35-39.5<br \/> R\u00e9f\u00e9rences \u00e9quivalentes : R25235395 \/ MR25235395 \/ RAPR25235395<\/p>","protected":false},"featured_media":0,"comment_status":"open","ping_status":"closed","template":"","meta":[],"_links":{"self":[{"href":"https:\/\/www.sams-industrie.fr\/en\/wp-json\/wp\/v2\/product\/8425"}],"collection":[{"href":"https:\/\/www.sams-industrie.fr\/en\/wp-json\/wp\/v2\/product"}],"about":[{"href":"https:\/\/www.sams-industrie.fr\/en\/wp-json\/wp\/v2\/types\/product"}],"replies":[{"embeddable":true,"href":"https:\/\/www.sams-industrie.fr\/en\/wp-json\/wp\/v2\/comments?post=8425"}],"wp:attachment":[{"href":"https:\/\/www.sams-industrie.fr\/en\/wp-json\/wp\/v2\/media?parent=8425"}],"curies":[{"name":"wp","href":"https:\/\/api.w.org\/{rel}","templated":true}]}}