{"id":8423,"date":"2025-01-24T09:27:31","date_gmt":"2025-01-24T08:27:31","guid":{"rendered":"https:\/\/www.sams-industrie.fr\/product\/guide-de-courroie-reference-600-103-042\/"},"modified":"2025-02-19T11:35:42","modified_gmt":"2025-02-19T10:35:42","slug":"guide-de-courroie-reference-600-103-042","status":"publish","type":"product","link":"https:\/\/www.sams-industrie.fr\/en\/product\/guide-de-courroie-reference-600-103-042\/","title":{"rendered":"Belt guide<br> Reference 600-103-042"},"content":{"rendered":"","protected":false},"excerpt":{"rendered":"<p>RAPIDEX RAPIDLINE 10<br \/> R\u00e9f\u00e9rence constructeur : 600-103-042<br \/> R\u00e9f\u00e9rences \u00e9quivalentes : 600103042 \/ M600103042 \/ RAP600103042<\/p>","protected":false},"featured_media":0,"comment_status":"open","ping_status":"closed","template":"","meta":[],"_links":{"self":[{"href":"https:\/\/www.sams-industrie.fr\/en\/wp-json\/wp\/v2\/product\/8423"}],"collection":[{"href":"https:\/\/www.sams-industrie.fr\/en\/wp-json\/wp\/v2\/product"}],"about":[{"href":"https:\/\/www.sams-industrie.fr\/en\/wp-json\/wp\/v2\/types\/product"}],"replies":[{"embeddable":true,"href":"https:\/\/www.sams-industrie.fr\/en\/wp-json\/wp\/v2\/comments?post=8423"}],"wp:attachment":[{"href":"https:\/\/www.sams-industrie.fr\/en\/wp-json\/wp\/v2\/media?parent=8423"}],"curies":[{"name":"wp","href":"https:\/\/api.w.org\/{rel}","templated":true}]}}