{"id":8420,"date":"2025-01-24T09:27:30","date_gmt":"2025-01-24T08:27:30","guid":{"rendered":"https:\/\/www.sams-industrie.fr\/product\/poulie-receptrice-reference-600-103-034\/"},"modified":"2025-02-19T11:35:40","modified_gmt":"2025-02-19T10:35:40","slug":"poulie-receptrice-reference-600-103-034","status":"publish","type":"product","link":"https:\/\/www.sams-industrie.fr\/en\/product\/poulie-receptrice-reference-600-103-034\/","title":{"rendered":"Receiving pulley<br> Reference 600-103-034"},"content":{"rendered":"","protected":false},"excerpt":{"rendered":"<p>RAPIDEX RAPIDLINE 10<br \/> R\u00e9f\u00e9rence constructeur : 600-103-034<br \/> R\u00e9f\u00e9rences \u00e9quivalentes : 600103034 \/ M600103034 \/ RAP600103034<\/p>","protected":false},"featured_media":0,"comment_status":"open","ping_status":"closed","template":"","meta":[],"_links":{"self":[{"href":"https:\/\/www.sams-industrie.fr\/en\/wp-json\/wp\/v2\/product\/8420"}],"collection":[{"href":"https:\/\/www.sams-industrie.fr\/en\/wp-json\/wp\/v2\/product"}],"about":[{"href":"https:\/\/www.sams-industrie.fr\/en\/wp-json\/wp\/v2\/types\/product"}],"replies":[{"embeddable":true,"href":"https:\/\/www.sams-industrie.fr\/en\/wp-json\/wp\/v2\/comments?post=8420"}],"wp:attachment":[{"href":"https:\/\/www.sams-industrie.fr\/en\/wp-json\/wp\/v2\/media?parent=8420"}],"curies":[{"name":"wp","href":"https:\/\/api.w.org\/{rel}","templated":true}]}}