{"id":8419,"date":"2025-01-24T09:27:29","date_gmt":"2025-01-24T08:27:29","guid":{"rendered":"https:\/\/www.sams-industrie.fr\/product\/poulie-de-commande-reference-600-103-033\/"},"modified":"2025-02-19T11:35:39","modified_gmt":"2025-02-19T10:35:39","slug":"poulie-de-commande-reference-600-103-033","status":"publish","type":"product","link":"https:\/\/www.sams-industrie.fr\/en\/product\/poulie-de-commande-reference-600-103-033\/","title":{"rendered":"Control pulley<br> Reference 600-103-033"},"content":{"rendered":"","protected":false},"excerpt":{"rendered":"<p>RAPIDEX RAPIDLINE 10<br \/> R\u00e9f\u00e9rence constructeur : 600-103-033<br \/> R\u00e9f\u00e9rences \u00e9quivalentes : 600103033 \/ M600103033 \/ RAP600103033<\/p>","protected":false},"featured_media":0,"comment_status":"open","ping_status":"closed","template":"","meta":[],"_links":{"self":[{"href":"https:\/\/www.sams-industrie.fr\/en\/wp-json\/wp\/v2\/product\/8419"}],"collection":[{"href":"https:\/\/www.sams-industrie.fr\/en\/wp-json\/wp\/v2\/product"}],"about":[{"href":"https:\/\/www.sams-industrie.fr\/en\/wp-json\/wp\/v2\/types\/product"}],"replies":[{"embeddable":true,"href":"https:\/\/www.sams-industrie.fr\/en\/wp-json\/wp\/v2\/comments?post=8419"}],"wp:attachment":[{"href":"https:\/\/www.sams-industrie.fr\/en\/wp-json\/wp\/v2\/media?parent=8419"}],"curies":[{"name":"wp","href":"https:\/\/api.w.org\/{rel}","templated":true}]}}