{"id":8417,"date":"2025-01-24T09:27:28","date_gmt":"2025-01-24T08:27:28","guid":{"rendered":"https:\/\/www.sams-industrie.fr\/product\/entraineur-superieur-reference-600-903-501-lb\/"},"modified":"2025-02-19T11:35:37","modified_gmt":"2025-02-19T10:35:37","slug":"entraineur-superieur-reference-600-903-501-lb","status":"publish","type":"product","link":"https:\/\/www.sams-industrie.fr\/en\/product\/entraineur-superieur-reference-600-903-501-lb\/","title":{"rendered":"Senior Coach<br> Reference 600-903-501 LB"},"content":{"rendered":"","protected":false},"excerpt":{"rendered":"<p>RAPIDEX RAPIDLINE 10<br \/> R\u00e9f\u00e9rence constructeur : 600-903-501 LB<br \/> R\u00e9f\u00e9rences \u00e9quivalentes : 600903501LB \/ M600903501LB \/ RAP600903501LB<\/p>","protected":false},"featured_media":0,"comment_status":"open","ping_status":"closed","template":"","meta":[],"_links":{"self":[{"href":"https:\/\/www.sams-industrie.fr\/en\/wp-json\/wp\/v2\/product\/8417"}],"collection":[{"href":"https:\/\/www.sams-industrie.fr\/en\/wp-json\/wp\/v2\/product"}],"about":[{"href":"https:\/\/www.sams-industrie.fr\/en\/wp-json\/wp\/v2\/types\/product"}],"replies":[{"embeddable":true,"href":"https:\/\/www.sams-industrie.fr\/en\/wp-json\/wp\/v2\/comments?post=8417"}],"wp:attachment":[{"href":"https:\/\/www.sams-industrie.fr\/en\/wp-json\/wp\/v2\/media?parent=8417"}],"curies":[{"name":"wp","href":"https:\/\/api.w.org\/{rel}","templated":true}]}}