{"id":8412,"date":"2025-01-24T09:27:25","date_gmt":"2025-01-24T08:27:25","guid":{"rendered":"https:\/\/www.sams-industrie.fr\/product\/axe-de-renvoi-reference-600-903-509\/"},"modified":"2025-02-19T11:35:34","modified_gmt":"2025-02-19T10:35:34","slug":"axe-de-renvoi-reference-600-903-509","status":"publish","type":"product","link":"https:\/\/www.sams-industrie.fr\/en\/product\/axe-de-renvoi-reference-600-903-509\/","title":{"rendered":"Return axis<br> Reference 600-903-509"},"content":{"rendered":"","protected":false},"excerpt":{"rendered":"<p>RAPIDEX RAPIDLINE 10<br \/> R\u00e9f\u00e9rence constructeur : 600-903-509<br \/> R\u00e9f\u00e9rences \u00e9quivalentes : 600903509 \/ M600903509 \/ RAP600903509<\/p>","protected":false},"featured_media":0,"comment_status":"open","ping_status":"closed","template":"","meta":[],"_links":{"self":[{"href":"https:\/\/www.sams-industrie.fr\/en\/wp-json\/wp\/v2\/product\/8412"}],"collection":[{"href":"https:\/\/www.sams-industrie.fr\/en\/wp-json\/wp\/v2\/product"}],"about":[{"href":"https:\/\/www.sams-industrie.fr\/en\/wp-json\/wp\/v2\/types\/product"}],"replies":[{"embeddable":true,"href":"https:\/\/www.sams-industrie.fr\/en\/wp-json\/wp\/v2\/comments?post=8412"}],"wp:attachment":[{"href":"https:\/\/www.sams-industrie.fr\/en\/wp-json\/wp\/v2\/media?parent=8412"}],"curies":[{"name":"wp","href":"https:\/\/api.w.org\/{rel}","templated":true}]}}