{"id":8410,"date":"2025-01-24T09:27:24","date_gmt":"2025-01-24T08:27:24","guid":{"rendered":"https:\/\/www.sams-industrie.fr\/product\/embout-gauche-cylindre-reference-600-904-504\/"},"modified":"2025-02-19T11:35:32","modified_gmt":"2025-02-19T10:35:32","slug":"embout-gauche-cylindre-reference-600-904-504","status":"publish","type":"product","link":"https:\/\/www.sams-industrie.fr\/en\/product\/embout-gauche-cylindre-reference-600-904-504\/","title":{"rendered":"Left cylinder tip<br> Reference 600-904-504"},"content":{"rendered":"","protected":false},"excerpt":{"rendered":"<p>RAPIDEX RAPIDLINE 10<br \/> R\u00e9f\u00e9rence constructeur : 600-904-504<br \/> R\u00e9f\u00e9rences \u00e9quivalentes : 600904504 \/ M600904504 \/ RAP600904504<\/p>","protected":false},"featured_media":0,"comment_status":"open","ping_status":"closed","template":"","meta":[],"_links":{"self":[{"href":"https:\/\/www.sams-industrie.fr\/en\/wp-json\/wp\/v2\/product\/8410"}],"collection":[{"href":"https:\/\/www.sams-industrie.fr\/en\/wp-json\/wp\/v2\/product"}],"about":[{"href":"https:\/\/www.sams-industrie.fr\/en\/wp-json\/wp\/v2\/types\/product"}],"replies":[{"embeddable":true,"href":"https:\/\/www.sams-industrie.fr\/en\/wp-json\/wp\/v2\/comments?post=8410"}],"wp:attachment":[{"href":"https:\/\/www.sams-industrie.fr\/en\/wp-json\/wp\/v2\/media?parent=8410"}],"curies":[{"name":"wp","href":"https:\/\/api.w.org\/{rel}","templated":true}]}}