{"id":8409,"date":"2025-01-24T09:27:24","date_gmt":"2025-01-24T08:27:24","guid":{"rendered":"https:\/\/www.sams-industrie.fr\/product\/axe-tendeur-courroie-reference-600-904-008\/"},"modified":"2025-02-19T11:35:31","modified_gmt":"2025-02-19T10:35:31","slug":"axe-tendeur-courroie-reference-600-904-008","status":"publish","type":"product","link":"https:\/\/www.sams-industrie.fr\/en\/product\/axe-tendeur-courroie-reference-600-904-008\/","title":{"rendered":"Belt tensioner axle<br> Reference 600-904-008"},"content":{"rendered":"","protected":false},"excerpt":{"rendered":"<p>RAPIDEX RAPIDLINE 10<br \/> R\u00e9f\u00e9rence constructeur : 600-904-008<br \/> R\u00e9f\u00e9rences \u00e9quivalentes : 600904008 \/ M600904008 \/ RAP600904008<\/p>","protected":false},"featured_media":0,"comment_status":"open","ping_status":"closed","template":"","meta":[],"_links":{"self":[{"href":"https:\/\/www.sams-industrie.fr\/en\/wp-json\/wp\/v2\/product\/8409"}],"collection":[{"href":"https:\/\/www.sams-industrie.fr\/en\/wp-json\/wp\/v2\/product"}],"about":[{"href":"https:\/\/www.sams-industrie.fr\/en\/wp-json\/wp\/v2\/types\/product"}],"replies":[{"embeddable":true,"href":"https:\/\/www.sams-industrie.fr\/en\/wp-json\/wp\/v2\/comments?post=8409"}],"wp:attachment":[{"href":"https:\/\/www.sams-industrie.fr\/en\/wp-json\/wp\/v2\/media?parent=8409"}],"curies":[{"name":"wp","href":"https:\/\/api.w.org\/{rel}","templated":true}]}}