{"id":8407,"date":"2025-01-24T09:27:23","date_gmt":"2025-01-24T08:27:23","guid":{"rendered":"https:\/\/www.sams-industrie.fr\/product\/equerre-droite-reference-600-907-505\/"},"modified":"2025-02-19T11:35:30","modified_gmt":"2025-02-19T10:35:30","slug":"equerre-droite-reference-600-907-505","status":"publish","type":"product","link":"https:\/\/www.sams-industrie.fr\/en\/product\/equerre-droite-reference-600-907-505\/","title":{"rendered":"Right angle<br> Reference 600-907-505"},"content":{"rendered":"","protected":false},"excerpt":{"rendered":"<p>RAPIDEX RAPIDLINE 10<br \/> R\u00e9f\u00e9rence constructeur : 600-907-505<br \/> R\u00e9f\u00e9rences \u00e9quivalentes : 600907505 \/ M600907505 \/ RAP600907505<\/p>","protected":false},"featured_media":0,"comment_status":"open","ping_status":"closed","template":"","meta":[],"_links":{"self":[{"href":"https:\/\/www.sams-industrie.fr\/en\/wp-json\/wp\/v2\/product\/8407"}],"collection":[{"href":"https:\/\/www.sams-industrie.fr\/en\/wp-json\/wp\/v2\/product"}],"about":[{"href":"https:\/\/www.sams-industrie.fr\/en\/wp-json\/wp\/v2\/types\/product"}],"replies":[{"embeddable":true,"href":"https:\/\/www.sams-industrie.fr\/en\/wp-json\/wp\/v2\/comments?post=8407"}],"wp:attachment":[{"href":"https:\/\/www.sams-industrie.fr\/en\/wp-json\/wp\/v2\/media?parent=8407"}],"curies":[{"name":"wp","href":"https:\/\/api.w.org\/{rel}","templated":true}]}}