{"id":11310,"date":"2025-03-18T13:31:32","date_gmt":"2025-03-18T12:31:32","guid":{"rendered":"https:\/\/www.sams-industrie.fr\/product\/galet-moteur-v2-table-elevatrice-reference\/"},"modified":"2025-11-03T16:35:24","modified_gmt":"2025-11-03T15:35:24","slug":"galet-moteur-v2-table-elevatrice-reference","status":"publish","type":"product","link":"https:\/\/www.sams-industrie.fr\/en\/product\/galet-moteur-v2-table-elevatrice-reference\/","title":{"rendered":"Galet moteur V2 table \u00e9l\u00e9vatrice"},"content":{"rendered":"","protected":false},"excerpt":{"rendered":"<p>ATLAS &#8211; R\u00e9f\u00e9rence constructeur : &#8211; R\u00e9f\u00e9rences \u00e9quivalentes : \/ \/<\/p>","protected":false},"featured_media":11727,"comment_status":"open","ping_status":"closed","template":"","meta":[],"_links":{"self":[{"href":"https:\/\/www.sams-industrie.fr\/en\/wp-json\/wp\/v2\/product\/11310"}],"collection":[{"href":"https:\/\/www.sams-industrie.fr\/en\/wp-json\/wp\/v2\/product"}],"about":[{"href":"https:\/\/www.sams-industrie.fr\/en\/wp-json\/wp\/v2\/types\/product"}],"replies":[{"embeddable":true,"href":"https:\/\/www.sams-industrie.fr\/en\/wp-json\/wp\/v2\/comments?post=11310"}],"wp:featuredmedia":[{"embeddable":true,"href":"https:\/\/www.sams-industrie.fr\/en\/wp-json\/wp\/v2\/media\/11727"}],"wp:attachment":[{"href":"https:\/\/www.sams-industrie.fr\/en\/wp-json\/wp\/v2\/media?parent=11310"}],"curies":[{"name":"wp","href":"https:\/\/api.w.org\/{rel}","templated":true}]}}