{"id":11309,"date":"2025-03-18T13:31:31","date_gmt":"2025-03-18T12:31:31","guid":{"rendered":"https:\/\/www.sams-industrie.fr\/product\/axe-de-galet-moteur-v2-table-elevatrice-reference\/"},"modified":"2025-03-18T14:26:17","modified_gmt":"2025-03-18T13:26:17","slug":"axe-de-galet-moteur-v2-table-elevatrice-reference","status":"publish","type":"product","link":"https:\/\/www.sams-industrie.fr\/en\/product\/axe-de-galet-moteur-v2-table-elevatrice-reference\/","title":{"rendered":"V2 motor roller shaft for lifting table"},"content":{"rendered":"","protected":false},"excerpt":{"rendered":"<p>ATLAS &#8211; R\u00e9f\u00e9rence constructeur : &#8211; R\u00e9f\u00e9rences \u00e9quivalentes : \/ \/<\/p>","protected":false},"featured_media":0,"comment_status":"open","ping_status":"closed","template":"","meta":[],"_links":{"self":[{"href":"https:\/\/www.sams-industrie.fr\/en\/wp-json\/wp\/v2\/product\/11309"}],"collection":[{"href":"https:\/\/www.sams-industrie.fr\/en\/wp-json\/wp\/v2\/product"}],"about":[{"href":"https:\/\/www.sams-industrie.fr\/en\/wp-json\/wp\/v2\/types\/product"}],"replies":[{"embeddable":true,"href":"https:\/\/www.sams-industrie.fr\/en\/wp-json\/wp\/v2\/comments?post=11309"}],"wp:attachment":[{"href":"https:\/\/www.sams-industrie.fr\/en\/wp-json\/wp\/v2\/media?parent=11309"}],"curies":[{"name":"wp","href":"https:\/\/api.w.org\/{rel}","templated":true}]}}