{"id":11308,"date":"2025-03-18T13:31:30","date_gmt":"2025-03-18T12:31:30","guid":{"rendered":"https:\/\/www.sams-industrie.fr\/product\/axe-du-galet-guide-pli10-eq-m605006024-reference\/"},"modified":"2025-03-18T13:56:51","modified_gmt":"2025-03-18T12:56:51","slug":"axe-du-galet-guide-pli10-eq-m605006024-reference","status":"publish","type":"product","link":"https:\/\/www.sams-industrie.fr\/en\/product\/axe-du-galet-guide-pli10-eq-m605006024-reference\/","title":{"rendered":"Guide roller axis <br> Reference 605-006-024"},"content":{"rendered":"","protected":false},"excerpt":{"rendered":"<p>RAPIDEX RAPIDLINE 10 &#8211; R\u00e9f\u00e9rence constructeur : 605-006-024 &#8211; R\u00e9f\u00e9rences \u00e9quivalentes : 605006024 \/ M605006024 \/ RAP605006024<\/p>","protected":false},"featured_media":0,"comment_status":"open","ping_status":"closed","template":"","meta":[],"_links":{"self":[{"href":"https:\/\/www.sams-industrie.fr\/en\/wp-json\/wp\/v2\/product\/11308"}],"collection":[{"href":"https:\/\/www.sams-industrie.fr\/en\/wp-json\/wp\/v2\/product"}],"about":[{"href":"https:\/\/www.sams-industrie.fr\/en\/wp-json\/wp\/v2\/types\/product"}],"replies":[{"embeddable":true,"href":"https:\/\/www.sams-industrie.fr\/en\/wp-json\/wp\/v2\/comments?post=11308"}],"wp:attachment":[{"href":"https:\/\/www.sams-industrie.fr\/en\/wp-json\/wp\/v2\/media?parent=11308"}],"curies":[{"name":"wp","href":"https:\/\/api.w.org\/{rel}","templated":true}]}}