{"id":11305,"date":"2025-03-18T13:31:28","date_gmt":"2025-03-18T12:31:28","guid":{"rendered":"https:\/\/www.sams-industrie.fr\/product\/arbre-de-tendeur-t1-dec22-eq-m800314009-reference\/"},"modified":"2025-04-17T16:35:21","modified_gmt":"2025-04-17T14:35:21","slug":"arbre-de-tendeur-t1-dec22-eq-m800314009-reference","status":"publish","type":"product","link":"https:\/\/www.sams-industrie.fr\/en\/product\/arbre-de-tendeur-t1-dec22-eq-m800314009-reference\/","title":{"rendered":"T1 tensioner shaft <br> Reference 800-314-009"},"content":{"rendered":"","protected":false},"excerpt":{"rendered":"<p>RAPIDEX RAPIDLINE 22 &#8211; R\u00e9f\u00e9rence constructeur : 800-314-009 &#8211; R\u00e9f\u00e9rences \u00e9quivalentes : 800314009 \/ M800314009 \/ RAP800314009<\/p>","protected":false},"featured_media":11355,"comment_status":"open","ping_status":"closed","template":"","meta":[],"_links":{"self":[{"href":"https:\/\/www.sams-industrie.fr\/en\/wp-json\/wp\/v2\/product\/11305"}],"collection":[{"href":"https:\/\/www.sams-industrie.fr\/en\/wp-json\/wp\/v2\/product"}],"about":[{"href":"https:\/\/www.sams-industrie.fr\/en\/wp-json\/wp\/v2\/types\/product"}],"replies":[{"embeddable":true,"href":"https:\/\/www.sams-industrie.fr\/en\/wp-json\/wp\/v2\/comments?post=11305"}],"wp:featuredmedia":[{"embeddable":true,"href":"https:\/\/www.sams-industrie.fr\/en\/wp-json\/wp\/v2\/media\/11355"}],"wp:attachment":[{"href":"https:\/\/www.sams-industrie.fr\/en\/wp-json\/wp\/v2\/media?parent=11305"}],"curies":[{"name":"wp","href":"https:\/\/api.w.org\/{rel}","templated":true}]}}