{"id":11297,"date":"2025-03-18T13:31:22","date_gmt":"2025-03-18T12:31:22","guid":{"rendered":"https:\/\/www.sams-industrie.fr\/product\/entraineur-monte-ql-2p-com16-reference\/"},"modified":"2025-03-18T14:30:36","modified_gmt":"2025-03-18T13:30:36","slug":"entraineur-monte-ql-2p-com16-reference","status":"publish","type":"product","link":"https:\/\/www.sams-industrie.fr\/en\/product\/entraineur-monte-ql-2p-com16-reference\/","title":{"rendered":"Quick Lock 2P mounted trainer"},"content":{"rendered":"","protected":false},"excerpt":{"rendered":"<p>RAPIDEX RAPIDLINE 16 &#8211; R\u00e9f\u00e9rence constructeur : &#8211; R\u00e9f\u00e9rences \u00e9quivalentes : \/ \/<\/p>","protected":false},"featured_media":0,"comment_status":"open","ping_status":"closed","template":"","meta":[],"_links":{"self":[{"href":"https:\/\/www.sams-industrie.fr\/en\/wp-json\/wp\/v2\/product\/11297"}],"collection":[{"href":"https:\/\/www.sams-industrie.fr\/en\/wp-json\/wp\/v2\/product"}],"about":[{"href":"https:\/\/www.sams-industrie.fr\/en\/wp-json\/wp\/v2\/types\/product"}],"replies":[{"embeddable":true,"href":"https:\/\/www.sams-industrie.fr\/en\/wp-json\/wp\/v2\/comments?post=11297"}],"wp:attachment":[{"href":"https:\/\/www.sams-industrie.fr\/en\/wp-json\/wp\/v2\/media?parent=11297"}],"curies":[{"name":"wp","href":"https:\/\/api.w.org\/{rel}","templated":true}]}}