{"id":11296,"date":"2025-03-18T13:31:21","date_gmt":"2025-03-18T12:31:21","guid":{"rendered":"https:\/\/www.sams-industrie.fr\/product\/bac-de-recuperation-inox-imp16-lz3200-reference\/"},"modified":"2025-03-18T14:31:29","modified_gmt":"2025-03-18T13:31:29","slug":"bac-de-recuperation-inox-imp16-lz3200-reference","status":"publish","type":"product","link":"https:\/\/www.sams-industrie.fr\/en\/product\/bac-de-recuperation-inox-imp16-lz3200-reference\/","title":{"rendered":"IMP16 LZ3200 Stainless Steel Recovery Bin"},"content":{"rendered":"","protected":false},"excerpt":{"rendered":"<p>RAPIDEX RAPIDLINE 16 &#8211; R\u00e9f\u00e9rence constructeur : &#8211; R\u00e9f\u00e9rences \u00e9quivalentes : \/ \/<\/p>","protected":false},"featured_media":0,"comment_status":"open","ping_status":"closed","template":"","meta":[],"_links":{"self":[{"href":"https:\/\/www.sams-industrie.fr\/en\/wp-json\/wp\/v2\/product\/11296"}],"collection":[{"href":"https:\/\/www.sams-industrie.fr\/en\/wp-json\/wp\/v2\/product"}],"about":[{"href":"https:\/\/www.sams-industrie.fr\/en\/wp-json\/wp\/v2\/types\/product"}],"replies":[{"embeddable":true,"href":"https:\/\/www.sams-industrie.fr\/en\/wp-json\/wp\/v2\/comments?post=11296"}],"wp:attachment":[{"href":"https:\/\/www.sams-industrie.fr\/en\/wp-json\/wp\/v2\/media?parent=11296"}],"curies":[{"name":"wp","href":"https:\/\/api.w.org\/{rel}","templated":true}]}}