{"id":11293,"date":"2025-03-18T13:31:18","date_gmt":"2025-03-18T12:31:18","guid":{"rendered":"https:\/\/www.sams-industrie.fr\/product\/entretoise-de-deplacement-lateral-reference-800-405-012\/"},"modified":"2025-04-17T16:37:54","modified_gmt":"2025-04-17T14:37:54","slug":"entretoise-de-deplacement-lateral-reference-800-405-012","status":"publish","type":"product","link":"https:\/\/www.sams-industrie.fr\/en\/product\/entretoise-de-deplacement-lateral-reference-800-405-012\/","title":{"rendered":"Lateral displacement spacer<br> Reference 800-405-012"},"content":{"rendered":"","protected":false},"excerpt":{"rendered":"<p>RAPIDEX RAPIDLINE 22 &#8211; R\u00e9f\u00e9rence constructeur : 800-405-012 &#8211; R\u00e9f\u00e9rences \u00e9quivalentes : 800405012 \/ M800405012 \/ RAP800405012<\/p>","protected":false},"featured_media":11358,"comment_status":"open","ping_status":"closed","template":"","meta":[],"_links":{"self":[{"href":"https:\/\/www.sams-industrie.fr\/en\/wp-json\/wp\/v2\/product\/11293"}],"collection":[{"href":"https:\/\/www.sams-industrie.fr\/en\/wp-json\/wp\/v2\/product"}],"about":[{"href":"https:\/\/www.sams-industrie.fr\/en\/wp-json\/wp\/v2\/types\/product"}],"replies":[{"embeddable":true,"href":"https:\/\/www.sams-industrie.fr\/en\/wp-json\/wp\/v2\/comments?post=11293"}],"wp:featuredmedia":[{"embeddable":true,"href":"https:\/\/www.sams-industrie.fr\/en\/wp-json\/wp\/v2\/media\/11358"}],"wp:attachment":[{"href":"https:\/\/www.sams-industrie.fr\/en\/wp-json\/wp\/v2\/media?parent=11293"}],"curies":[{"name":"wp","href":"https:\/\/api.w.org\/{rel}","templated":true}]}}