{"id":11124,"date":"2025-02-05T10:05:22","date_gmt":"2025-02-05T09:05:22","guid":{"rendered":"https:\/\/www.sams-industrie.fr\/product\/tendeur-gauche-reference-empileur\/"},"modified":"2025-02-19T13:28:05","modified_gmt":"2025-02-19T12:28:05","slug":"tendeur-gauche-reference-empileur","status":"publish","type":"product","link":"https:\/\/www.sams-industrie.fr\/en\/product\/tendeur-gauche-reference-empileur\/","title":{"rendered":"Left tensioner<br> Reference DK-007-058"},"content":{"rendered":"","protected":false},"excerpt":{"rendered":"<p>RAPIDEX RAPIDLINE 22<br \/> R\u00e9f\u00e9rence constructeur : DK-007-058<br \/> R\u00e9f\u00e9rences \u00e9quivalentes : DK007058 \/ MDK007058 \/ RAPDK007058<\/p>","protected":false},"featured_media":0,"comment_status":"open","ping_status":"closed","template":"","meta":[],"_links":{"self":[{"href":"https:\/\/www.sams-industrie.fr\/en\/wp-json\/wp\/v2\/product\/11124"}],"collection":[{"href":"https:\/\/www.sams-industrie.fr\/en\/wp-json\/wp\/v2\/product"}],"about":[{"href":"https:\/\/www.sams-industrie.fr\/en\/wp-json\/wp\/v2\/types\/product"}],"replies":[{"embeddable":true,"href":"https:\/\/www.sams-industrie.fr\/en\/wp-json\/wp\/v2\/comments?post=11124"}],"wp:attachment":[{"href":"https:\/\/www.sams-industrie.fr\/en\/wp-json\/wp\/v2\/media?parent=11124"}],"curies":[{"name":"wp","href":"https:\/\/api.w.org\/{rel}","templated":true}]}}