{"id":11122,"date":"2025-02-05T10:05:21","date_gmt":"2025-02-05T09:05:21","guid":{"rendered":"https:\/\/www.sams-industrie.fr\/product\/arbre-moteur-reference\/"},"modified":"2025-02-19T13:28:08","modified_gmt":"2025-02-19T12:28:08","slug":"arbre-moteur-reference","status":"publish","type":"product","link":"https:\/\/www.sams-industrie.fr\/en\/product\/arbre-moteur-reference\/","title":{"rendered":"Motor shaft<br> Reference 600-901-007"},"content":{"rendered":"","protected":false},"excerpt":{"rendered":"<p>RAPIDEX RAPIDLINE<br \/> R\u00e9f\u00e9rence constructeur : 600-901-007<br \/> R\u00e9f\u00e9rences \u00e9quivalentes : 600901007 \/ M600901007 \/ RAP600901007<\/p>","protected":false},"featured_media":0,"comment_status":"open","ping_status":"closed","template":"","meta":[],"_links":{"self":[{"href":"https:\/\/www.sams-industrie.fr\/en\/wp-json\/wp\/v2\/product\/11122"}],"collection":[{"href":"https:\/\/www.sams-industrie.fr\/en\/wp-json\/wp\/v2\/product"}],"about":[{"href":"https:\/\/www.sams-industrie.fr\/en\/wp-json\/wp\/v2\/types\/product"}],"replies":[{"embeddable":true,"href":"https:\/\/www.sams-industrie.fr\/en\/wp-json\/wp\/v2\/comments?post=11122"}],"wp:attachment":[{"href":"https:\/\/www.sams-industrie.fr\/en\/wp-json\/wp\/v2\/media?parent=11122"}],"curies":[{"name":"wp","href":"https:\/\/api.w.org\/{rel}","templated":true}]}}