{"id":11120,"date":"2025-02-05T10:05:20","date_gmt":"2025-02-05T09:05:20","guid":{"rendered":"https:\/\/www.sams-industrie.fr\/product\/entretoise-t2-reference-decoupeur\/"},"modified":"2025-02-19T13:43:53","modified_gmt":"2025-02-19T12:43:53","slug":"entretoise-t2-reference-decoupeur","status":"publish","type":"product","link":"https:\/\/www.sams-industrie.fr\/en\/product\/entretoise-t2-reference-decoupeur\/","title":{"rendered":"T2 spacer<br> Reference R45-55-19"},"content":{"rendered":"","protected":false},"excerpt":{"rendered":"<p>RAPIDEX RAPIDLINE 10<br \/>\nR\u00e9f\u00e9rence constructeur : R45-55-19<br \/>\nR\u00e9f\u00e9rences \u00e9quivalentes : R455519 \/ MR455519 \/ RAPR455519<\/p>","protected":false},"featured_media":11228,"comment_status":"open","ping_status":"closed","template":"","meta":[],"_links":{"self":[{"href":"https:\/\/www.sams-industrie.fr\/en\/wp-json\/wp\/v2\/product\/11120"}],"collection":[{"href":"https:\/\/www.sams-industrie.fr\/en\/wp-json\/wp\/v2\/product"}],"about":[{"href":"https:\/\/www.sams-industrie.fr\/en\/wp-json\/wp\/v2\/types\/product"}],"replies":[{"embeddable":true,"href":"https:\/\/www.sams-industrie.fr\/en\/wp-json\/wp\/v2\/comments?post=11120"}],"wp:featuredmedia":[{"embeddable":true,"href":"https:\/\/www.sams-industrie.fr\/en\/wp-json\/wp\/v2\/media\/11228"}],"wp:attachment":[{"href":"https:\/\/www.sams-industrie.fr\/en\/wp-json\/wp\/v2\/media?parent=11120"}],"curies":[{"name":"wp","href":"https:\/\/api.w.org\/{rel}","templated":true}]}}