{"id":11119,"date":"2025-02-05T10:05:19","date_gmt":"2025-02-05T09:05:19","guid":{"rendered":"https:\/\/www.sams-industrie.fr\/product\/tige-de-verrouillage-reference\/"},"modified":"2025-02-19T13:28:06","modified_gmt":"2025-02-19T12:28:06","slug":"tige-de-verrouillage-reference","status":"publish","type":"product","link":"https:\/\/www.sams-industrie.fr\/en\/product\/tige-de-verrouillage-reference\/","title":{"rendered":"Locking rod<br> Reference 800-300-017"},"content":{"rendered":"","protected":false},"excerpt":{"rendered":"<p>RAPIDEX RAPIDLINE<br \/> R\u00e9f\u00e9rence constructeur : 800-300-017<br \/> R\u00e9f\u00e9rences \u00e9quivalentes : 800300017 \/ M800300017 \/ RAP800300017<\/p>","protected":false},"featured_media":0,"comment_status":"open","ping_status":"closed","template":"","meta":[],"_links":{"self":[{"href":"https:\/\/www.sams-industrie.fr\/en\/wp-json\/wp\/v2\/product\/11119"}],"collection":[{"href":"https:\/\/www.sams-industrie.fr\/en\/wp-json\/wp\/v2\/product"}],"about":[{"href":"https:\/\/www.sams-industrie.fr\/en\/wp-json\/wp\/v2\/types\/product"}],"replies":[{"embeddable":true,"href":"https:\/\/www.sams-industrie.fr\/en\/wp-json\/wp\/v2\/comments?post=11119"}],"wp:attachment":[{"href":"https:\/\/www.sams-industrie.fr\/en\/wp-json\/wp\/v2\/media?parent=11119"}],"curies":[{"name":"wp","href":"https:\/\/api.w.org\/{rel}","templated":true}]}}