{"id":11115,"date":"2025-02-05T10:05:16","date_gmt":"2025-02-05T09:05:16","guid":{"rendered":"https:\/\/www.sams-industrie.fr\/product\/vis-de-verrouillage-reference\/"},"modified":"2025-02-19T12:07:29","modified_gmt":"2025-02-19T11:07:29","slug":"vis-de-verrouillage-reference","status":"publish","type":"product","link":"https:\/\/www.sams-industrie.fr\/en\/product\/vis-de-verrouillage-reference\/","title":{"rendered":"Locking screw<br> Reference 500-100-021"},"content":{"rendered":"","protected":false},"excerpt":{"rendered":"<p>RAPIDEX RAPIDLINE<br \/> R\u00e9f\u00e9rence constructeur : 500-100-021<br \/> R\u00e9f\u00e9rences \u00e9quivalentes : 500100021 \/ M500100021 \/ RAP500100021<\/p>","protected":false},"featured_media":0,"comment_status":"open","ping_status":"closed","template":"","meta":[],"_links":{"self":[{"href":"https:\/\/www.sams-industrie.fr\/en\/wp-json\/wp\/v2\/product\/11115"}],"collection":[{"href":"https:\/\/www.sams-industrie.fr\/en\/wp-json\/wp\/v2\/product"}],"about":[{"href":"https:\/\/www.sams-industrie.fr\/en\/wp-json\/wp\/v2\/types\/product"}],"replies":[{"embeddable":true,"href":"https:\/\/www.sams-industrie.fr\/en\/wp-json\/wp\/v2\/comments?post=11115"}],"wp:attachment":[{"href":"https:\/\/www.sams-industrie.fr\/en\/wp-json\/wp\/v2\/media?parent=11115"}],"curies":[{"name":"wp","href":"https:\/\/api.w.org\/{rel}","templated":true}]}}